{"id":339,"date":"2023-06-14T01:39:15","date_gmt":"2023-06-14T01:39:15","guid":{"rendered":"https:\/\/downloadsistemas.com.br\/advogado-3\/?page_id=339"},"modified":"2024-12-18T01:29:00","modified_gmt":"2024-12-18T01:29:00","slug":"sobre","status":"publish","type":"page","link":"https:\/\/downloadsistemas.com.br\/advogado-3\/sobre\/","title":{"rendered":"Sobre"},"content":{"rendered":"\t\t<div data-elementor-type=\"wp-page\" data-elementor-id=\"339\" class=\"elementor elementor-339\">\n\t\t\t\t\t\t<section class=\"elementor-section elementor-top-section elementor-element elementor-element-c9ffaa1 elementor-section-boxed elementor-section-height-default elementor-section-height-default\" data-id=\"c9ffaa1\" data-element_type=\"section\" data-settings=\"{&quot;background_background&quot;:&quot;classic&quot;}\">\n\t\t\t\t\t\t<div class=\"elementor-container elementor-column-gap-default\">\n\t\t\t\t\t<div class=\"elementor-column elementor-col-100 elementor-top-column elementor-element elementor-element-17ef0fe\" data-id=\"17ef0fe\" data-element_type=\"column\">\n\t\t\t<div class=\"elementor-widget-wrap elementor-element-populated\">\n\t\t\t\t\t\t<div class=\"elementor-element elementor-element-b22eb3d elementor-widget elementor-widget-heading\" data-id=\"b22eb3d\" data-element_type=\"widget\" data-widget_type=\"heading.default\">\n\t\t\t\t<div class=\"elementor-widget-container\">\n\t\t\t\t\t<h2 class=\"elementor-heading-title elementor-size-default\">SOBRE N\u00d3S<\/h2>\t\t\t\t<\/div>\n\t\t\t\t<\/div>\n\t\t\t\t\t<\/div>\n\t\t<\/div>\n\t\t\t\t\t<\/div>\n\t\t<\/section>\n\t\t\t\t<section class=\"elementor-section elementor-top-section elementor-element elementor-element-fdf4920 elementor-section-boxed elementor-section-height-default elementor-section-height-default\" data-id=\"fdf4920\" data-element_type=\"section\">\n\t\t\t\t\t\t<div class=\"elementor-container elementor-column-gap-default\">\n\t\t\t\t\t<div class=\"elementor-column elementor-col-50 elementor-top-column elementor-element elementor-element-ddf7d69\" data-id=\"ddf7d69\" data-element_type=\"column\">\n\t\t\t<div class=\"elementor-widget-wrap elementor-element-populated\">\n\t\t\t\t\t\t<div class=\"elementor-element elementor-element-c38982b elementor-widget elementor-widget-text-editor\" data-id=\"c38982b\" data-element_type=\"widget\" data-widget_type=\"text-editor.default\">\n\t\t\t\t<div class=\"elementor-widget-container\">\n\t\t\t\t\t\t\t\t\t<p><strong>Advogado(a)<\/strong> Trabalhista, Mestre em Desenvolvimento Local, P\u00f3s-Graduado em Criminologia, Direito e Processo Penal, P\u00f3s-Graduada em Direitos Humanos, Especialista em Crimes Digitais, Associada IBCCRIM (Instituto Brasileiro de Ci\u00eancias Criminais).<\/p>\n<p>Atua\u00e7\u00e3o Institucional Vice-Presidente da OAB\/SP .<\/p>\n\t\t\t\t\t\t\t\t<\/div>\n\t\t\t\t<\/div>\n\t\t\t\t\t<\/div>\n\t\t<\/div>\n\t\t\t\t<div class=\"elementor-column elementor-col-50 elementor-top-column elementor-element elementor-element-0802476\" data-id=\"0802476\" data-element_type=\"column\">\n\t\t\t<div class=\"elementor-widget-wrap elementor-element-populated\">\n\t\t\t\t\t\t<div class=\"elementor-element elementor-element-33c92b8 elementor-widget elementor-widget-image\" data-id=\"33c92b8\" data-element_type=\"widget\" data-widget_type=\"image.default\">\n\t\t\t\t<div class=\"elementor-widget-container\">\n\t\t\t\t\t\t\t\t\t\t\t\t\t\t\t<img fetchpriority=\"high\" decoding=\"async\" width=\"582\" height=\"550\" src=\"https:\/\/downloadsistemas.com.br\/advogado-3\/wp-content\/uploads\/2024\/12\/escritorio-05.jpg\" class=\"attachment-large size-large wp-image-802\" alt=\"\" srcset=\"https:\/\/downloadsistemas.com.br\/advogado-3\/wp-content\/uploads\/2024\/12\/escritorio-05.jpg 582w, https:\/\/downloadsistemas.com.br\/advogado-3\/wp-content\/uploads\/2024\/12\/escritorio-05-300x284.jpg 300w\" sizes=\"(max-width: 582px) 100vw, 582px\" \/>\t\t\t\t\t\t\t\t\t\t\t\t\t\t\t<\/div>\n\t\t\t\t<\/div>\n\t\t\t\t\t<\/div>\n\t\t<\/div>\n\t\t\t\t\t<\/div>\n\t\t<\/section>\n\t\t\t\t<\/div>\n\t\t","protected":false},"excerpt":{"rendered":"","protected":false},"author":1,"featured_media":0,"parent":0,"menu_order":4,"comment_status":"closed","ping_status":"closed","template":"elementor_header_footer","meta":{"footnotes":""},"class_list":["post-339","page","type-page","status-publish","hentry"],"_links":{"self":[{"href":"https:\/\/downloadsistemas.com.br\/advogado-3\/wp-json\/wp\/v2\/pages\/339","targetHints":{"allow":["GET"]}}],"collection":[{"href":"https:\/\/downloadsistemas.com.br\/advogado-3\/wp-json\/wp\/v2\/pages"}],"about":[{"href":"https:\/\/downloadsistemas.com.br\/advogado-3\/wp-json\/wp\/v2\/types\/page"}],"author":[{"embeddable":true,"href":"https:\/\/downloadsistemas.com.br\/advogado-3\/wp-json\/wp\/v2\/users\/1"}],"replies":[{"embeddable":true,"href":"https:\/\/downloadsistemas.com.br\/advogado-3\/wp-json\/wp\/v2\/comments?post=339"}],"version-history":[{"count":55,"href":"https:\/\/downloadsistemas.com.br\/advogado-3\/wp-json\/wp\/v2\/pages\/339\/revisions"}],"predecessor-version":[{"id":896,"href":"https:\/\/downloadsistemas.com.br\/advogado-3\/wp-json\/wp\/v2\/pages\/339\/revisions\/896"}],"wp:attachment":[{"href":"https:\/\/downloadsistemas.com.br\/advogado-3\/wp-json\/wp\/v2\/media?parent=339"}],"curies":[{"name":"wp","href":"https:\/\/api.w.org\/{rel}","templated":true}]}}