{"id":139,"date":"2023-06-13T21:12:34","date_gmt":"2023-06-13T21:12:34","guid":{"rendered":"https:\/\/downloadsistemas.com.br\/advogado-3\/?page_id=139"},"modified":"2024-12-18T01:56:50","modified_gmt":"2024-12-18T01:56:50","slug":"blog","status":"publish","type":"page","link":"https:\/\/downloadsistemas.com.br\/advogado-3\/blog\/","title":{"rendered":"Blog"},"content":{"rendered":"\t\t<div data-elementor-type=\"wp-page\" data-elementor-id=\"139\" class=\"elementor elementor-139\">\n\t\t\t\t\t\t<section class=\"elementor-section elementor-top-section elementor-element elementor-element-8e799a2 elementor-section-boxed elementor-section-height-default elementor-section-height-default\" data-id=\"8e799a2\" data-element_type=\"section\">\n\t\t\t\t\t\t<div class=\"elementor-container elementor-column-gap-default\">\n\t\t\t\t\t<div class=\"elementor-column elementor-col-100 elementor-top-column elementor-element elementor-element-99f5921\" data-id=\"99f5921\" data-element_type=\"column\">\n\t\t\t<div class=\"elementor-widget-wrap elementor-element-populated\">\n\t\t\t\t\t\t<div class=\"elementor-element elementor-element-d83f510 elementor-grid-3 elementor-grid-tablet-2 elementor-grid-mobile-1 elementor-posts--thumbnail-top elementor-card-shadow-yes elementor-posts__hover-gradient elementor-widget elementor-widget-posts\" data-id=\"d83f510\" data-element_type=\"widget\" data-settings=\"{&quot;cards_row_gap&quot;:{&quot;unit&quot;:&quot;px&quot;,&quot;size&quot;:30,&quot;sizes&quot;:[]},&quot;cards_columns&quot;:&quot;3&quot;,&quot;cards_columns_tablet&quot;:&quot;2&quot;,&quot;cards_columns_mobile&quot;:&quot;1&quot;,&quot;cards_row_gap_tablet&quot;:{&quot;unit&quot;:&quot;px&quot;,&quot;size&quot;:&quot;&quot;,&quot;sizes&quot;:[]},&quot;cards_row_gap_mobile&quot;:{&quot;unit&quot;:&quot;px&quot;,&quot;size&quot;:&quot;&quot;,&quot;sizes&quot;:[]}}\" data-widget_type=\"posts.cards\">\n\t\t\t\t<div class=\"elementor-widget-container\">\n\t\t\t\t\t\t\t<div class=\"elementor-posts-container elementor-posts elementor-posts--skin-cards elementor-grid\">\n\t\t\t\t<article class=\"elementor-post elementor-grid-item post-920 post type-post status-publish format-standard has-post-thumbnail hentry category-uncategorized\">\n\t\t\t<div class=\"elementor-post__card\">\n\t\t\t\t<a class=\"elementor-post__thumbnail__link\" href=\"https:\/\/downloadsistemas.com.br\/advogado-3\/divorcio-amigavel-ou-litigioso-qual-e-a-melhor-opcao-para-voce\/\" ><div class=\"elementor-post__thumbnail\"><img fetchpriority=\"high\" decoding=\"async\" width=\"640\" height=\"426\" src=\"https:\/\/downloadsistemas.com.br\/advogado-3\/wp-content\/uploads\/2023\/06\/1c71a7_d2ff20a3371f4d068a133e8e2a88cbcemv2.webp\" class=\"attachment-full size-full wp-image-77\" alt=\"\" srcset=\"https:\/\/downloadsistemas.com.br\/advogado-3\/wp-content\/uploads\/2023\/06\/1c71a7_d2ff20a3371f4d068a133e8e2a88cbcemv2.webp 640w, https:\/\/downloadsistemas.com.br\/advogado-3\/wp-content\/uploads\/2023\/06\/1c71a7_d2ff20a3371f4d068a133e8e2a88cbcemv2-300x200.webp 300w\" sizes=\"(max-width: 640px) 100vw, 640px\" \/><\/div><\/a>\n\t\t\t\t<div class=\"elementor-post__badge\">Blog<\/div>\n\t\t\t\t<div class=\"elementor-post__text\">\n\t\t\t\t<h3 class=\"elementor-post__title\">\n\t\t\t<a href=\"https:\/\/downloadsistemas.com.br\/advogado-3\/divorcio-amigavel-ou-litigioso-qual-e-a-melhor-opcao-para-voce\/\" >\n\t\t\t\tDiv\u00f3rcio Amig\u00e1vel ou Litigioso: Qual \u00e9 a Melhor Op\u00e7\u00e3o para Voc\u00ea?\t\t\t<\/a>\n\t\t<\/h3>\n\t\t\t\t\t<a class=\"elementor-post__read-more\" href=\"https:\/\/downloadsistemas.com.br\/advogado-3\/divorcio-amigavel-ou-litigioso-qual-e-a-melhor-opcao-para-voce\/\" >\n\t\t\t\tLER MAIS\t\t\t<\/a>\n\t\t\t\t<\/div>\n\t\t\t\t\t<\/div>\n\t\t<\/article>\n\t\t\t\t<article class=\"elementor-post elementor-grid-item post-918 post type-post status-publish format-standard has-post-thumbnail hentry category-uncategorized\">\n\t\t\t<div class=\"elementor-post__card\">\n\t\t\t\t<a class=\"elementor-post__thumbnail__link\" href=\"https:\/\/downloadsistemas.com.br\/advogado-3\/entenda-seus-direitos-guia-pratico-para-resolver-disputas-trabalhistas\/\" ><div class=\"elementor-post__thumbnail\"><img decoding=\"async\" width=\"805\" height=\"665\" src=\"https:\/\/downloadsistemas.com.br\/advogado-3\/wp-content\/uploads\/2023\/06\/trabalhista-2.jpg\" class=\"attachment-full size-full wp-image-73\" alt=\"\" srcset=\"https:\/\/downloadsistemas.com.br\/advogado-3\/wp-content\/uploads\/2023\/06\/trabalhista-2.jpg 805w, https:\/\/downloadsistemas.com.br\/advogado-3\/wp-content\/uploads\/2023\/06\/trabalhista-2-300x248.jpg 300w, https:\/\/downloadsistemas.com.br\/advogado-3\/wp-content\/uploads\/2023\/06\/trabalhista-2-768x634.jpg 768w\" sizes=\"(max-width: 805px) 100vw, 805px\" \/><\/div><\/a>\n\t\t\t\t<div class=\"elementor-post__badge\">Blog<\/div>\n\t\t\t\t<div class=\"elementor-post__text\">\n\t\t\t\t<h3 class=\"elementor-post__title\">\n\t\t\t<a href=\"https:\/\/downloadsistemas.com.br\/advogado-3\/entenda-seus-direitos-guia-pratico-para-resolver-disputas-trabalhistas\/\" >\n\t\t\t\tEntenda Seus Direitos: Guia Pr\u00e1tico para Resolver Disputas Trabalhistas\t\t\t<\/a>\n\t\t<\/h3>\n\t\t\t\t\t<a class=\"elementor-post__read-more\" href=\"https:\/\/downloadsistemas.com.br\/advogado-3\/entenda-seus-direitos-guia-pratico-para-resolver-disputas-trabalhistas\/\" >\n\t\t\t\tLER MAIS\t\t\t<\/a>\n\t\t\t\t<\/div>\n\t\t\t\t\t<\/div>\n\t\t<\/article>\n\t\t\t\t<article class=\"elementor-post elementor-grid-item post-901 post type-post status-publish format-standard has-post-thumbnail hentry category-uncategorized\">\n\t\t\t<div class=\"elementor-post__card\">\n\t\t\t\t<a class=\"elementor-post__thumbnail__link\" href=\"https:\/\/downloadsistemas.com.br\/advogado-3\/os-5-passos-essenciais-para-resolver-um-problema-juridico-com-sucesso\/\" ><div class=\"elementor-post__thumbnail\"><img decoding=\"async\" width=\"500\" height=\"334\" src=\"https:\/\/downloadsistemas.com.br\/advogado-3\/wp-content\/uploads\/2023\/06\/direito-imobiliario-o-que-e-e-como-atuar-na-area.webp\" class=\"attachment-full size-full wp-image-81\" alt=\"\" srcset=\"https:\/\/downloadsistemas.com.br\/advogado-3\/wp-content\/uploads\/2023\/06\/direito-imobiliario-o-que-e-e-como-atuar-na-area.webp 500w, https:\/\/downloadsistemas.com.br\/advogado-3\/wp-content\/uploads\/2023\/06\/direito-imobiliario-o-que-e-e-como-atuar-na-area-300x200.webp 300w\" sizes=\"(max-width: 500px) 100vw, 500px\" \/><\/div><\/a>\n\t\t\t\t<div class=\"elementor-post__badge\">Blog<\/div>\n\t\t\t\t<div class=\"elementor-post__text\">\n\t\t\t\t<h3 class=\"elementor-post__title\">\n\t\t\t<a href=\"https:\/\/downloadsistemas.com.br\/advogado-3\/os-5-passos-essenciais-para-resolver-um-problema-juridico-com-sucesso\/\" >\n\t\t\t\tOs 5 Passos Essenciais para Resolver um Problema Jur\u00eddico com Sucesso\t\t\t<\/a>\n\t\t<\/h3>\n\t\t\t\t\t<a class=\"elementor-post__read-more\" href=\"https:\/\/downloadsistemas.com.br\/advogado-3\/os-5-passos-essenciais-para-resolver-um-problema-juridico-com-sucesso\/\" >\n\t\t\t\tLER MAIS\t\t\t<\/a>\n\t\t\t\t<\/div>\n\t\t\t\t\t<\/div>\n\t\t<\/article>\n\t\t\t\t<\/div>\n\n\n\t\t\n\t\t\t\t\t\t<\/div>\n\t\t\t\t<\/div>\n\t\t\t\t<div class=\"elementor-element elementor-element-7c42df1 elementor-align-right elementor-mobile-align-justify elementor-widget elementor-widget-button\" data-id=\"7c42df1\" data-element_type=\"widget\" data-widget_type=\"button.default\">\n\t\t\t\t<div class=\"elementor-widget-container\">\n\t\t\t\t\t\t\t\t\t<div class=\"elementor-button-wrapper\">\n\t\t\t\t\t<a class=\"elementor-button elementor-button-link elementor-size-md elementor-animation-float\" href=\"https:\/\/downloadsistemas.com.br\/advogado-3\/\">\n\t\t\t\t\t\t<span class=\"elementor-button-content-wrapper\">\n\t\t\t\t\t\t<span class=\"elementor-button-icon\">\n\t\t\t\t<i aria-hidden=\"true\" class=\"fas fa-arrow-left\"><\/i>\t\t\t<\/span>\n\t\t\t\t\t\t\t\t\t<span class=\"elementor-button-text\">Voltar<\/span>\n\t\t\t\t\t<\/span>\n\t\t\t\t\t<\/a>\n\t\t\t\t<\/div>\n\t\t\t\t\t\t\t\t<\/div>\n\t\t\t\t<\/div>\n\t\t\t\t\t<\/div>\n\t\t<\/div>\n\t\t\t\t\t<\/div>\n\t\t<\/section>\n\t\t\t\t<\/div>\n\t\t","protected":false},"excerpt":{"rendered":"<p>Voltar<\/p>\n","protected":false},"author":1,"featured_media":0,"parent":0,"menu_order":3,"comment_status":"closed","ping_status":"closed","template":"","meta":{"footnotes":""},"class_list":["post-139","page","type-page","status-publish","hentry"],"_links":{"self":[{"href":"https:\/\/downloadsistemas.com.br\/advogado-3\/wp-json\/wp\/v2\/pages\/139","targetHints":{"allow":["GET"]}}],"collection":[{"href":"https:\/\/downloadsistemas.com.br\/advogado-3\/wp-json\/wp\/v2\/pages"}],"about":[{"href":"https:\/\/downloadsistemas.com.br\/advogado-3\/wp-json\/wp\/v2\/types\/page"}],"author":[{"embeddable":true,"href":"https:\/\/downloadsistemas.com.br\/advogado-3\/wp-json\/wp\/v2\/users\/1"}],"replies":[{"embeddable":true,"href":"https:\/\/downloadsistemas.com.br\/advogado-3\/wp-json\/wp\/v2\/comments?post=139"}],"version-history":[{"count":10,"href":"https:\/\/downloadsistemas.com.br\/advogado-3\/wp-json\/wp\/v2\/pages\/139\/revisions"}],"predecessor-version":[{"id":964,"href":"https:\/\/downloadsistemas.com.br\/advogado-3\/wp-json\/wp\/v2\/pages\/139\/revisions\/964"}],"wp:attachment":[{"href":"https:\/\/downloadsistemas.com.br\/advogado-3\/wp-json\/wp\/v2\/media?parent=139"}],"curies":[{"name":"wp","href":"https:\/\/api.w.org\/{rel}","templated":true}]}}